{"id":705,"date":"2021-11-24T06:00:23","date_gmt":"2021-11-24T06:00:23","guid":{"rendered":"https:\/\/sporttourism.aliasmedia.si\/?post_type=product&#038;p=705"},"modified":"2022-03-18T12:26:40","modified_gmt":"2022-03-18T12:26:40","slug":"po-poteh-stajerskega-bisera-1","status":"publish","type":"product","link":"https:\/\/travel.protime.si\/sl\/izdelek\/po-poteh-stajerskega-bisera-1\/","title":{"rendered":"Po poteh \u0160tajerskega bisera 1"},"content":{"rendered":"<p>1. dan: prihod v Maribor (priporo\u010den hotel za bivanje bi lahko bil Habakuk, Arena, Hotel City)<br \/>\nAklimatizacija, prosto pohajkovanje ali kolesarjenje po mestu, mo\u017enost uporabe spaja.<\/p>\n<p>2. dan: Maribor \u2013 Ptuj &#8211; Maribor (Pribl. 60 km).<br \/>\nPot ob Dravi iz Maribora proti Ptuju. Po pavzi, osve\u017eitvi, ali kratkem ogledu Gradu, vrnitev v MB po poti Ptuj \u2013 Vurberk, Duplek- Maribor. Zve\u010der mo\u017enost organiziranega ogleda najstarej\u0161e vinske trte in no\u010ditev v istem hotelu<\/p>\n<p>3. Dan: Maribor \u2013 Kungota (\u0160tajerska Vinska Cesta) \u2013 Srce Med vinogradi \u2013 Maribor (Skupaj 55km)<br \/>\nPot iz Maribora do Kungote do Srca Med vinogradi, kjer je \u010das za po\u010ditek in kosilo v eni izmed kme\u010dkih turizmov. Nato nadaljevanje po vinski cesti po Kungoti in vrnitev v Maribor. Nadaljevanje dneva prosto za uporabo Velnessa ali pohajkovanje.<\/p>\n<p>4. Dan: Maribor \u2013 Rogla &#8211; Zre\u010de ( pribl. 70 km)<br \/>\nPot nas vodi skozi Maribor \u2013 Slov. Bistrico \u2013 Konjice \u2013 Zre\u010de vse do Rogle. Na Rogli \u010das za kosilo, nato pa priporo\u010damo ogled in pohod do Lovren\u0161kih jezer in nato vrnitev v Dolino v Zre\u010de, kjer imamo no\u010ditev in uporabo kopali\u0161\u010da<\/p>\n<p>5. Dan: Zre\u010de \u2013 Bistrica \u2013 Maribor ( pribl. 45 km)<br \/>\nPotovanje nazaj do Maribora kjer je na voljo prosto popoldne, priporo\u010den ogled Rovov ali katere druge znamenitosti. Nato no\u010ditev<\/p>\n<p>6. Dan: check in in odhod domov<\/p>","protected":false},"excerpt":{"rendered":"<p>1. dan: prihod v Maribor (priporo\u010den hotel za bivanje bi lahko bil Habakuk, Arena, Hotel City) Aklimatizacija, prosto pohajkovanje ali kolesarjenje po mestu, mo\u017enost uporabe spaja. 2. dan: Maribor \u2013 Ptuj &#8211; Maribor (Pribl. 60 km). Pot ob Dravi iz Maribora proti Ptuju. Po pavzi, osve\u017eitvi, ali kratkem ogledu Gradu, vrnitev v MB po poti[&#8230;]<\/p>","protected":false},"featured_media":712,"comment_status":"open","ping_status":"closed","template":"","meta":[],"product_cat":[37],"product_tag":[],"class_list":["post-705","product","type-product","status-publish","has-post-thumbnail","hentry","product_cat-road-cycling"],"_links":{"self":[{"href":"https:\/\/travel.protime.si\/sl\/wp-json\/wp\/v2\/product\/705","targetHints":{"allow":["GET"]}}],"collection":[{"href":"https:\/\/travel.protime.si\/sl\/wp-json\/wp\/v2\/product"}],"about":[{"href":"https:\/\/travel.protime.si\/sl\/wp-json\/wp\/v2\/types\/product"}],"replies":[{"embeddable":true,"href":"https:\/\/travel.protime.si\/sl\/wp-json\/wp\/v2\/comments?post=705"}],"version-history":[{"count":1,"href":"https:\/\/travel.protime.si\/sl\/wp-json\/wp\/v2\/product\/705\/revisions"}],"predecessor-version":[{"id":1516,"href":"https:\/\/travel.protime.si\/sl\/wp-json\/wp\/v2\/product\/705\/revisions\/1516"}],"wp:featuredmedia":[{"embeddable":true,"href":"https:\/\/travel.protime.si\/sl\/wp-json\/wp\/v2\/media\/712"}],"wp:attachment":[{"href":"https:\/\/travel.protime.si\/sl\/wp-json\/wp\/v2\/media?parent=705"}],"wp:term":[{"taxonomy":"product_cat","embeddable":true,"href":"https:\/\/travel.protime.si\/sl\/wp-json\/wp\/v2\/product_cat?post=705"},{"taxonomy":"product_tag","embeddable":true,"href":"https:\/\/travel.protime.si\/sl\/wp-json\/wp\/v2\/product_tag?post=705"}],"curies":[{"name":"wp","href":"https:\/\/api.w.org\/{rel}","templated":true}]}}